{"id":245448,"date":"2026-03-11T15:32:12","date_gmt":"2026-03-11T14:32:12","guid":{"rendered":"https:\/\/nenasilje.org\/?page_id=245448"},"modified":"2026-04-04T14:37:21","modified_gmt":"2026-04-04T12:37:21","slug":"about-us-2","status":"publish","type":"page","link":"https:\/\/staging.nenasilje.org\/en\/about-us-2\/","title":{"rendered":"about us"},"content":{"rendered":"<div class=\"et_pb_section_0 et_pb_section et_section_regular et_block_section\">\n<div class=\"et_pb_row_0 et_pb_row et_block_row\">\n<div class=\"et_pb_column_0 et_pb_column et_pb_column_4_4 et-last-child et_block_column et_pb_css_mix_blend_mode_passthrough\">\n<div class=\"et_pb_text_0 et_pb_text et_pb_bg_layout_light et_pb_module et_block_module\"><div class=\"et_pb_text_inner\"><h3><\/h3>\n<h3>About CNA - Centre for Nonviolent Action<\/h3>\n<p>CNA\u2019s mission is the building of sustainable peace in the region of former Yugoslavia through the promotion of nonviolence and dialogue, and through the trust building among individuals and groups, as well as constructive dealing with the past.<\/p>\n<p>We have been striving to achieve a society of sustainable peace where the development of critical thought, taking responsibility for society and community, the encouragement to reassess one\u2019s own attitudes and the acceptance of the diversity are cherished. To achieve these social values, we apply different kinds of activism, while focusing on peace education, publishing and video production.<\/p>\n<p><strong>What do we want and what are we striving for?<\/strong><\/p>\n<p>With our work we want to foster and encourage the promotion of peace as a basic social value and dismissal of war and violence as ways to solving conflicts. Dealing with the past in the region of former Yugoslavia has been the focus of our interests and we advocate for the definition of this process as a multilayered and complex process that includes also: the work to deconstruct the \u201cenemy images\u201d, to build trust among people in the region of the former Yugoslavia and to establish an inclusive culture of remembrance; advocacy for promotion and development of public policies aimed at dealing with the past; the reexamination and deconstruction of nationalism, militarism and patriarchy as the ideological pillars of violence in every society.<\/p>\n<p>With the programmes of peace education and activities in the field of documentary film production and publishing we strive to create new and strengthen the current resources for peace work in the region of the former Yugoslavia. Our desire is to create and to support the capacities focused on value-based approach to peace building, led by commitment to human rights protection and freedoms of all individuals and the values of dialogue, co-operation, social justice and solidarity among the individuals and groups.<\/p>\n<p><strong>In which way do we want to accomplish this?<\/strong><\/p>\n<p>By respecting the basic principle \u201clive what you preach\u201d as well as by creating a firm value-based foundation in our work, but also in the way the organization itself is functioning.<\/p>\n<p>We are open for dialogue with all who desire dialogue and willing to cooperate with those with whom we share visions and values of nonviolence, culture of dialogue, constructive criticism and struggle against injustice.<\/p>\n<p>Our focus is on regional cooperation as the crucial precondition for the lasting and sustainable peace in the region of former Yugoslavia.<\/p>\n<p>In our readiness to change, develop, learn and adjust ourselves to the demands of the real needs of our societies, not the demands of donors and \u201creal-politik.\u201d<\/p>\n<h1 style=\"text-align: center;\"><big>CNA Team:<\/big><\/h1>\n<p>\u00a0<\/p>\n<\/div><\/div>\n<\/div>\n<\/div>\n\n<div class=\"et_pb_row_1 et_pb_row et_flex_row\">\n<div class=\"et_pb_column_1 et_pb_column et_block_column et_pb_css_mix_blend_mode_passthrough et_flex_column_24_24 et_flex_column_24_24_tablet et_flex_column_24_24_phone\">\n<div class=\"et_pb_team_member_0 et_pb_team_member et_pb_bg_layout_light et_pb_text_align_center et_pb_module et_grid_module\"><div class=\"et_pb_team_member_image et-waypoint et_pb_animation_off\"><img decoding=\"async\" src=\"https:\/\/nenasilje.org\/wp-content\/uploads\/20251208_NNV_09934_Nik-scaled.jpg\" alt=\"Dimitrije Gluk\u010devi\u0107 from Ni\u0161\" \/><\/div><div class=\"et_pb_team_member_description\"><h6 class=\"et_pb_module_header\">Dimitrije Gluk\u010devi\u0107 from Ni\u0161<\/h6><\/div><\/div>\n\n<div class=\"et_pb_team_member_1 et_pb_team_member et_pb_bg_layout_light et_pb_text_align_center et_clickable et_pb_module et_grid_module\"><div class=\"et_pb_team_member_image et-waypoint et_pb_animation_off\"><img decoding=\"async\" src=\"https:\/\/nenasilje.org\/wp-content\/uploads\/20251208_NNV_10033_Nik-1-scaled.jpg\" alt=\"Radomir Radevi\u0107 from Podgorica\" \/><\/div><div class=\"et_pb_team_member_description\"><h6 class=\"et_pb_module_header\">Radomir Radevi\u0107 from Podgorica<\/h6><\/div><\/div>\n\n<div class=\"et_pb_team_member_2 et_pb_team_member et_pb_bg_layout_light et_pb_text_align_center et_clickable et_pb_module et_grid_module\"><div class=\"et_pb_team_member_image et-waypoint et_pb_animation_off\"><img decoding=\"async\" src=\"https:\/\/nenasilje.org\/wp-content\/uploads\/20251208_NNV_09962_Nik-scaled.jpg\" alt=\"Ivana Franovi\u0107 from Belgrade\" \/><\/div><div class=\"et_pb_team_member_description\"><h6 class=\"et_pb_module_header\">Ivana Franovi\u0107 from Belgrade<\/h6><\/div><\/div>\n\n<div class=\"et_pb_team_member_3 et_pb_team_member et_pb_bg_layout_light et_pb_text_align_center et_clickable et_pb_module et_grid_module\"><div class=\"et_pb_team_member_image et-waypoint et_pb_animation_off\"><img decoding=\"async\" src=\"https:\/\/nenasilje.org\/wp-content\/uploads\/20251210_NNV_19884_Nik-2-scaled.jpg\" alt=\"Nenad Vukosavljevi\u0107 from Belgrade\" \/><\/div><div class=\"et_pb_team_member_description\"><h6 class=\"et_pb_module_header\">Nenad Vukosavljevi\u0107 from Belgrade<\/h6><\/div><\/div>\n<\/div>\n\n<div class=\"et_pb_column_2 et_pb_column et_block_column et_pb_css_mix_blend_mode_passthrough et_flex_column_24_24 et_flex_column_24_24_tablet et_flex_column_24_24_phone\">\n<div class=\"et_pb_team_member_4 et_pb_team_member et_pb_bg_layout_light et_pb_text_align_center et_clickable et_pb_module et_grid_module\"><div class=\"et_pb_team_member_image et-waypoint et_pb_animation_off\"><img decoding=\"async\" src=\"https:\/\/nenasilje.org\/wp-content\/uploads\/20240201_NNV_08480_Nik-scaled.jpg\" alt=\"Tamara Zrnovi\u0107 from Sarajevo\" \/><\/div><div class=\"et_pb_team_member_description\"><h6 class=\"et_pb_module_header\">Tamara Zrnovi\u0107 from Sarajevo<\/h6><\/div><\/div>\n\n<div class=\"et_pb_team_member_5 et_pb_team_member et_pb_bg_layout_light et_pb_text_align_center et_clickable et_pb_module et_grid_module\"><div class=\"et_pb_team_member_image et-waypoint et_pb_animation_off\"><img decoding=\"async\" src=\"https:\/\/nenasilje.org\/wp-content\/uploads\/20251208_NNV_09987_Nik-scaled.jpg\" alt=\"Tita Mikula\u0161 from Zagreb\" \/><\/div><div class=\"et_pb_team_member_description\"><h6 class=\"et_pb_module_header\">Tita Mikula\u0161 from Zagreb<\/h6><\/div><\/div>\n\n<div class=\"et_pb_team_member_6 et_pb_team_member et_pb_bg_layout_light et_pb_text_align_center et_clickable et_pb_module et_grid_module\"><div class=\"et_pb_team_member_image et-waypoint et_pb_animation_off\"><img decoding=\"async\" src=\"https:\/\/nenasilje.org\/wp-content\/uploads\/20251208_NNV_09885_Nik-scaled.jpg\" alt=\"Ned\u017ead Novali\u0107 from Zenica\" \/><\/div><div class=\"et_pb_team_member_description\"><h6 class=\"et_pb_module_header\">Ned\u017ead Novali\u0107 from Zenica<\/h6><\/div><\/div>\n\n<div class=\"et_pb_team_member_7 et_pb_team_member et_pb_bg_layout_light et_pb_text_align_center et_pb_module et_grid_module\"><div class=\"et_pb_team_member_image et-waypoint et_pb_animation_off\"><img decoding=\"async\" src=\"https:\/\/nenasilje.org\/wp-content\/uploads\/20241127_NNV_05285_Nik-1-1-scaled.jpg\" alt=\"Ahmed Novali\u0107 from Zenica\" \/><\/div><div class=\"et_pb_team_member_description\"><h6 class=\"et_pb_module_header\">Ahmed Novali\u0107 from Zenica<\/h6><\/div><\/div>\n<\/div>\n\n<div class=\"et_pb_column_3 et_pb_column et-last-child et_block_column et_pb_css_mix_blend_mode_passthrough et_flex_column_24_24 et_flex_column_24_24_tablet et_flex_column_24_24_phone\">\n<div class=\"et_pb_team_member_8 et_pb_team_member et_pb_bg_layout_light et_pb_text_align_center et_pb_module et_grid_module\"><div class=\"et_pb_team_member_image et-waypoint et_pb_animation_off\"><img decoding=\"async\" src=\"https:\/\/nenasilje.org\/wp-content\/uploads\/20251208_NNV_10007_Nik-scaled.jpg\" alt=\"Marija ili\u0107 from Para\u0107in\" \/><\/div><div class=\"et_pb_team_member_description\"><h6 class=\"et_pb_module_header\">Marija ili\u0107 from Para\u0107in<\/h6><\/div><\/div>\n\n<div class=\"et_pb_team_member_9 et_pb_team_member et_pb_bg_layout_light et_pb_text_align_center et_clickable et_pb_module et_grid_module\"><div class=\"et_pb_team_member_image et-waypoint et_pb_animation_off\"><img decoding=\"async\" src=\"https:\/\/nenasilje.org\/wp-content\/uploads\/20251208_NNV_09930_Nik-1-scaled.jpg\" alt=\"Amer Deli\u0107 from Zavidovi\u0107i\" \/><\/div><div class=\"et_pb_team_member_description\"><h6 class=\"et_pb_module_header\">Amer Deli\u0107 from Zavidovi\u0107i<\/h6><\/div><\/div>\n\n<div class=\"et_pb_team_member_10 et_pb_team_member et_pb_bg_layout_light et_pb_text_align_center et_clickable et_pb_module et_grid_module\"><div class=\"et_pb_team_member_image et-waypoint et_pb_animation_off\"><img decoding=\"async\" src=\"https:\/\/nenasilje.org\/wp-content\/uploads\/20240201_NNV_08575_Nik-1-scaled.jpg\" alt=\"Helena Rill from Sombor\" \/><\/div><div class=\"et_pb_team_member_description\"><h6 class=\"et_pb_module_header\">Helena Rill from Sombor<\/h6><\/div><\/div>\n<\/div>\n<\/div>\n\n<div class=\"et_pb_row_2 et_pb_row et_block_row\">\n<div class=\"et_pb_column_4 et_pb_column et_pb_column_4_4 et-last-child et_block_column et_pb_css_mix_blend_mode_passthrough\">\n<div class=\"et_pb_divider_0 et_pb_divider_hidden et_pb_space et_pb_divider_position_top et_pb_module preset--module--divi-divider--default\"><div class=\"et_pb_divider_internal\"><\/div><\/div>\n<\/div>\n<\/div>\n\n<div class=\"et_pb_row_3 et_pb_row et_block_row\">\n<div class=\"et_pb_column_5 et_pb_column et_pb_column_4_4 et-last-child et_block_column et_pb_css_mix_blend_mode_passthrough\">\n<div class=\"et_pb_heading_0 et_pb_heading et_pb_module et_block_module\"><div class=\"et_pb_heading_container\"><h1 class=\"et_pb_module_header\">People who left a deep trace in CNA<\/h1><\/div><\/div>\n<\/div>\n<\/div>\n\n<div class=\"et_pb_row_4 et_pb_row et_block_row\">\n<div class=\"et_pb_column_6 et_pb_column et_pb_column_1_2 et_block_column et_pb_css_mix_blend_mode_passthrough\">\n<div class=\"et_pb_team_member_11 et_pb_team_member et_pb_bg_layout_light et_pb_text_align_center et_clickable et_pb_module et_grid_module\"><div class=\"et_pb_team_member_image et-waypoint et_pb_animation_off\"><img decoding=\"async\" src=\"https:\/\/nenasilje.org\/wp-content\/uploads\/20190116_NNV_52575_Nik-scaled.jpg\" alt=\"Davorka Turk from Zagreb\" \/><\/div><div class=\"et_pb_team_member_description\"><h6 class=\"et_pb_module_header\">Davorka Turk from Zagreb<\/h6><\/div><\/div>\n\n<div class=\"et_pb_team_member_12 et_pb_team_member et_pb_bg_layout_light et_pb_text_align_center et_clickable et_pb_module et_grid_module\"><div class=\"et_pb_team_member_image et-waypoint et_pb_animation_off\"><img decoding=\"async\" src=\"https:\/\/nenasilje.org\/wp-content\/uploads\/20190116_NNV_52691_Nik-scaled.jpg\" alt=\"Ned\u017ead Horozovi\u0107 from Doboj\" \/><\/div><div class=\"et_pb_team_member_description\"><h6 class=\"et_pb_module_header\">Ned\u017ead Horozovi\u0107 from Doboj<\/h6><\/div><\/div>\n<\/div>\n\n<div class=\"et_pb_column_7 et_pb_column et_pb_column_1_2 et-last-child et_block_column et_pb_css_mix_blend_mode_passthrough\">\n<div class=\"et_pb_team_member_13 et_pb_team_member et_pb_bg_layout_light et_pb_text_align_center et_clickable et_pb_module et_grid_module\"><div class=\"et_pb_team_member_image et-waypoint et_pb_animation_off\"><img decoding=\"async\" src=\"https:\/\/nenasilje.org\/wp-content\/uploads\/20150917_NNV_34540_Nik-scaled.jpg\" alt=\"Adnan Hasanbegovi\u0107 from Sarajevo\" \/><\/div><div class=\"et_pb_team_member_description\"><h6 class=\"et_pb_module_header\">Adnan Hasanbegovi\u0107 from Sarajevo<\/h6><\/div><\/div>\n\n<div class=\"et_pb_team_member_14 et_pb_team_member et_pb_bg_layout_light et_pb_text_align_center et_clickable et_pb_module et_grid_module\"><div class=\"et_pb_team_member_image et-waypoint et_pb_animation_off\"><img decoding=\"async\" src=\"https:\/\/nenasilje.org\/wp-content\/uploads\/20240201_NNV_08416_Nik-scaled.jpg\" alt=\"Katarina Mili\u0107evi\u0107 from Kragujevac\" \/><\/div><div class=\"et_pb_team_member_description\"><h6 class=\"et_pb_module_header\">Katarina Mili\u0107evi\u0107 from Kragujevac<\/h6><\/div><\/div>\n<\/div>\n<\/div>\n\n<div class=\"et_pb_row_5 et_pb_row et_block_row\">\n<div class=\"et_pb_column_8 et_pb_column et_pb_column_4_4 et-last-child et_block_column et_pb_css_mix_blend_mode_passthrough\">\n<div class=\"et_pb_text_1 et_pb_text et_pb_bg_layout_light et_pb_module et_block_module\"><div class=\"et_pb_text_inner\"><p>&nbsp;<\/p>\n<p>We have offices in Sarajevo and Belgrade and we work on peace building in the region of former Yugoslavia, from Macedonia, across Kosovo and all the way to Croatia. Figuring out from our names, those who want to, may conclude what different nationalities we have in our team. What is important for us is that we are connected with the feeling of human solidarity unbounded by the existing borders and by our dedication to peace work and an idea of social justice pursued in a nonviolent way. It is also important to us that all of our differences bring us together by respecting them, help us learn from each other and change ourselves and the society around us.  <\/p>\n<h3 style=\"text-align: center;\"> <a title=\"donations\" href=\"http:\/\/nenasilje.org\/donacije\/\" target=\"_blank\" rel=\"noopener noreferrer\">support us<\/a><\/h3>\n<p style=\"text-align: center;\">Our sister organisation is:<\/p>\n<p style=\"text-align: center;\"><a href=\"https:\/\/www.kurvewustrow.org\/\" target=\"_blank\" rel=\"noopener\"><strong>KURVE Wustrow<\/strong><\/a><br \/><strong>Bildungs- und Begegnungsst\u00e4tte f\u00fcr gewaltfreie Aktion e.V.<\/strong><\/p>\n<h3 style=\"text-align: center;\"><span style=\"color: #800000;\"><a title=\"contact\" href=\"\/?page_id=4016\">contact us<\/a><\/span><\/h3>\n<p>&nbsp;<\/p>\n<p>&nbsp;<\/p>\n<\/div><\/div>\n<\/div>\n<\/div>\n\n<div class=\"et_pb_row_6 et_pb_row et_block_row\">\n<div class=\"et_pb_column_9 et_pb_column et_pb_column_4_4 et-last-child et_block_column et_pb_css_mix_blend_mode_passthrough\">\n<div class=\"et_pb_text_2 et_pb_text et_pb_bg_layout_light et_pb_module et_block_module\"><div class=\"et_pb_text_inner\"><h4>Association to CNA peacebuilding work, 2013<\/h4>\n<\/div><\/div>\n\n<div class=\"et_pb_video_0 et_pb_video et_pb_module et_block_module\"><div class=\"et_pb_video_box\"><iframe loading=\"lazy\" title=\"Prve Asocijacije\" width=\"1080\" height=\"608\" src=\"https:\/\/www.youtube.com\/embed\/O7BQpXJ-A8A?feature=oembed\"  allow=\"accelerometer; autoplay; clipboard-write; encrypted-media; gyroscope; picture-in-picture; web-share\" referrerpolicy=\"strict-origin-when-cross-origin\" allowfullscreen><\/iframe><\/div><\/div>\n<\/div>\n<\/div>\n\n<div class=\"et_pb_row_7 et_pb_row et-vb-row--no-module et_block_row\">\n<div class=\"et_pb_column_10 et_pb_column et_pb_column_4_4 et-last-child et_block_column et_pb_column_empty et_pb_css_mix_blend_mode_passthrough\"><\/div>\n<\/div>\n<\/div>","protected":false},"excerpt":{"rendered":"","protected":false},"author":2,"featured_media":220672,"parent":0,"menu_order":0,"comment_status":"closed","ping_status":"closed","template":"","meta":{"footnotes":""},"class_list":["post-245448","page","type-page","status-publish","has-post-thumbnail","hentry"],"aioseo_notices":[],"_links":{"self":[{"href":"https:\/\/staging.nenasilje.org\/en\/wp-json\/wp\/v2\/pages\/245448","targetHints":{"allow":["GET"]}}],"collection":[{"href":"https:\/\/staging.nenasilje.org\/en\/wp-json\/wp\/v2\/pages"}],"about":[{"href":"https:\/\/staging.nenasilje.org\/en\/wp-json\/wp\/v2\/types\/page"}],"author":[{"embeddable":true,"href":"https:\/\/staging.nenasilje.org\/en\/wp-json\/wp\/v2\/users\/2"}],"replies":[{"embeddable":true,"href":"https:\/\/staging.nenasilje.org\/en\/wp-json\/wp\/v2\/comments?post=245448"}],"version-history":[{"count":10,"href":"https:\/\/staging.nenasilje.org\/en\/wp-json\/wp\/v2\/pages\/245448\/revisions"}],"predecessor-version":[{"id":246918,"href":"https:\/\/staging.nenasilje.org\/en\/wp-json\/wp\/v2\/pages\/245448\/revisions\/246918"}],"wp:featuredmedia":[{"embeddable":true,"href":"https:\/\/staging.nenasilje.org\/en\/wp-json\/wp\/v2\/media\/220672"}],"wp:attachment":[{"href":"https:\/\/staging.nenasilje.org\/en\/wp-json\/wp\/v2\/media?parent=245448"}],"curies":[{"name":"wp","href":"https:\/\/api.w.org\/{rel}","templated":true}]}}